{"id":48879,"date":"2022-01-18T14:08:49","date_gmt":"2022-01-18T13:08:49","guid":{"rendered":"https:\/\/all4groups.com\/?page_id=48879"},"modified":"2022-02-01T15:29:09","modified_gmt":"2022-02-01T14:29:09","slug":"uvc-box","status":"publish","type":"page","link":"https:\/\/www.all4groups.com\/en\/uvc-box\/","title":{"rendered":"UVC BOX"},"content":{"rendered":"<p>[et_pb_section fb_built=&#8220;1&#8243; fullwidth=&#8220;on&#8220; admin_label=&#8220;Coffee Hero Section&#8220; _builder_version=&#8220;3.22&#8243; locked=&#8220;off&#8220; global_colors_info=&#8220;{}&#8220;][et_pb_fullwidth_header title=&#8220;Vollautomatische Desinfektionsbox&#8220; text_orientation=&#8220;center&#8220; content_max_width_last_edited=&#8220;off|desktop&#8220; _builder_version=&#8220;4.14.7&#8243; title_font=&#8220;Montserrat|||on|||||&#8220; title_text_align=&#8220;center&#8220; title_text_color=&#8220;#004980&#8243; title_font_size=&#8220;60px&#8220; title_letter_spacing=&#8220;0.05em&#8220; title_line_height=&#8220;1.4em&#8220; content_font=&#8220;Nunito||||||||&#8220; content_font_size=&#8220;20px&#8220; content_line_height=&#8220;1.7em&#8220; subhead_font=&#8220;Montserrat|600|||||||&#8220; subhead_font_size=&#8220;23px&#8220; subhead_line_height=&#8220;1.9em&#8220; background_color=&#8220;rgba(255, 255, 255, 0)&#8220; background_image=&#8220;https:\/\/all4groups.com\/wp-content\/uploads\/iStock-1211544069_gekauft-Konvertiert_transparent35.png&#8220; custom_button_one=&#8220;on&#8220; button_one_text_size=&#8220;15px&#8220; button_one_bg_color=&#8220;#dca57d&#8220; button_one_border_width=&#8220;10px&#8220; button_one_border_color=&#8220;#dca57d&#8220; button_one_border_radius=&#8220;0px&#8220; button_one_letter_spacing=&#8220;3px&#8220; button_one_font=&#8220;Oswald|||on|&#8220; button_one_use_icon=&#8220;off&#8220; background_layout=&#8220;light&#8220; min_height=&#8220;411.7px&#8220; custom_margin=&#8220;||1px|||&#8220; custom_padding=&#8220;3.4%||0.9%|||&#8220; animation_style=&#8220;fade&#8220; animation_starting_opacity=&#8220;50%&#8220; animation_speed_curve=&#8220;ease-in&#8220; title_font_size_tablet=&#8220;60px&#8220; title_font_size_phone=&#8220;40px&#8220; title_font_size_last_edited=&#8220;on|phone&#8220; button_one_border_color_hover=&#8220;#c99872&#8243; button_one_border_radius_hover=&#8220;0px&#8220; button_one_letter_spacing_hover=&#8220;3px&#8220; button_one_bg_color_hover=&#8220;#c99872&#8243; global_colors_info=&#8220;{}&#8220; button_one_text_size__hover_enabled=&#8220;off&#8220; button_two_text_size__hover_enabled=&#8220;off&#8220; button_one_text_color__hover_enabled=&#8220;off&#8220; button_two_text_color__hover_enabled=&#8220;off&#8220; button_one_border_width__hover_enabled=&#8220;off&#8220; button_two_border_width__hover_enabled=&#8220;off&#8220; button_one_border_color__hover_enabled=&#8220;on&#8220; button_one_border_color__hover=&#8220;#c99872&#8243; button_two_border_color__hover_enabled=&#8220;off&#8220; button_one_border_radius__hover_enabled=&#8220;on&#8220; button_one_border_radius__hover=&#8220;0px&#8220; button_two_border_radius__hover_enabled=&#8220;off&#8220; button_one_letter_spacing__hover_enabled=&#8220;on&#8220; button_one_letter_spacing__hover=&#8220;3px&#8220; button_two_letter_spacing__hover_enabled=&#8220;off&#8220; button_one_bg_color__hover_enabled=&#8220;on&#8220; button_one_bg_color__hover=&#8220;#c99872&#8243; button_two_bg_color__hover_enabled=&#8220;off&#8220;][\/et_pb_fullwidth_header][\/et_pb_section][et_pb_section fb_built=&#8220;1&#8243; _builder_version=&#8220;4.13.0&#8243; _module_preset=&#8220;default&#8220; background_color=&#8220;#FFFFFF&#8220; border_width_top=&#8220;13px&#8220; border_color_top=&#8220;#004980&#8243; global_colors_info=&#8220;{}&#8220;][et_pb_row column_structure=&#8220;1_3,2_3&#8243; _builder_version=&#8220;4.13.0&#8243; _module_preset=&#8220;default&#8220; global_colors_info=&#8220;{}&#8220;][et_pb_column type=&#8220;1_3&#8243; _builder_version=&#8220;4.13.0&#8243; _module_preset=&#8220;default&#8220; global_colors_info=&#8220;{}&#8220;][et_pb_image src=&#8220;https:\/\/all4groups.com\/wp-content\/uploads\/uvc-siegel.png&#8220; title_text=&#8220;uvc siegel&#8220; _builder_version=&#8220;4.13.0&#8243; _module_preset=&#8220;default&#8220; global_colors_info=&#8220;{}&#8220;][\/et_pb_image][\/et_pb_column][et_pb_column type=&#8220;2_3&#8243; _builder_version=&#8220;4.13.0&#8243; _module_preset=&#8220;default&#8220; global_colors_info=&#8220;{}&#8220;][et_pb_text _builder_version=&#8220;4.13.0&#8243; _module_preset=&#8220;default&#8220; header_2_font=&#8220;Montserrat||||||||&#8220; header_2_text_align=&#8220;left&#8220; header_2_text_color=&#8220;#002b53&#8243; header_2_line_height=&#8220;1.5em&#8220; min_height=&#8220;42px&#8220; custom_margin=&#8220;65px||||false|false&#8220; custom_padding=&#8220;|||70px|false|false&#8220; global_colors_info=&#8220;{}&#8220;]<\/p>\n<h2><span class=\"et_pb_fullwidth_header_subhead et-fb-editable-element et-fb-editable-element__editing\" data-shortcode-id=\"0.0-1642761288265\" data-quickaccess-id=\"subhead\" contenteditable=\"true\">Die UVC-Box inaktiviert BAKTERIEN, PILZE und VIREN zu 99,99% &#8211; ohne Chemikalien, ber\u00fchrungslos, in nur 2 Minuten.<\/span><\/h2>\n<p>[\/et_pb_text][\/et_pb_column][\/et_pb_row][\/et_pb_section][et_pb_section fb_built=&#8220;1&#8243; _builder_version=&#8220;4.13.0&#8243; _module_preset=&#8220;default&#8220; global_colors_info=&#8220;{}&#8220;][et_pb_row column_structure=&#8220;1_2,1_2&#8243; _builder_version=&#8220;4.13.0&#8243; _module_preset=&#8220;default&#8220; global_colors_info=&#8220;{}&#8220;][et_pb_column type=&#8220;1_2&#8243; _builder_version=&#8220;4.13.0&#8243; _module_preset=&#8220;default&#8220; global_colors_info=&#8220;{}&#8220;][et_pb_text _builder_version=&#8220;4.14.7&#8243; _module_preset=&#8220;default&#8220; text_font_size=&#8220;19px&#8220; text_line_height=&#8220;1.6em&#8220; min_height=&#8220;303px&#8220; custom_padding=&#8220;42px|||||&#8220; global_colors_info=&#8220;{}&#8220;]<\/p>\n<p>UVC-Licht wird seit vielen Jahren erfolgreich in Industrie und Medizin zur Desinfektion von Gegenst\u00e4nden aller Art eingesetzt. Mit einer Wellenl\u00e4nge von 200-280 Nm ist es f\u00fcr das menschliche Auge unsichtbar \u2013 aber <strong>enorm effektiv in der Abt\u00f6tung von Mikroben.<\/strong><\/p>\n<p>Das hochleistungsstarke ultraviolette Licht in der UVC-Box zerst\u00f6rt innerhalb von <strong>nur 2 Minuten<\/strong> die DNA und RNA von Viren, Bakterien, Pilzen zu <strong>mind. 99,99%<\/strong> &#8211; und ist somit <strong>auch gegen COVID-19 wirksam<\/strong>.<\/p>\n<p>Besorgte Eltern freuen sich au\u00dferdem sehr, \u00fcber die<strong> starke Wirksamkeit bei (Kopf-)L\u00e4usen und L\u00e4useeiern (Nissen)<\/strong> auf Kinderspielzeug, Kuscheltieren, Kissen, Haarb\u00fcrsten etc.<\/p>\n<p>[\/et_pb_text][\/et_pb_column][et_pb_column type=&#8220;1_2&#8243; _builder_version=&#8220;4.13.0&#8243; _module_preset=&#8220;default&#8220; global_colors_info=&#8220;{}&#8220;][et_pb_image src=&#8220;https:\/\/all4groups.com\/wp-content\/uploads\/uvc-box-klein2-offen.png&#8220; title_text=&#8220;uvc-box-klein2 offen&#8220; _builder_version=&#8220;4.13.0&#8243; _module_preset=&#8220;default&#8220; global_colors_info=&#8220;{}&#8220;][\/et_pb_image][\/et_pb_column][\/et_pb_row][\/et_pb_section][et_pb_section fb_built=&#8220;1&#8243; _builder_version=&#8220;4.13.0&#8243; _module_preset=&#8220;default&#8220; background_image=&#8220;https:\/\/all4groups.com\/wp-content\/uploads\/iStock-1211544069_gekauft-Konvertiert_transparent35.png&#8220; border_width_top=&#8220;1px&#8220; border_color_top=&#8220;#004890&#8243; border_width_bottom=&#8220;1px&#8220; global_colors_info=&#8220;{}&#8220;][et_pb_row _builder_version=&#8220;4.13.0&#8243; _module_preset=&#8220;default&#8220; global_colors_info=&#8220;{}&#8220;][et_pb_column type=&#8220;4_4&#8243; _builder_version=&#8220;4.13.0&#8243; _module_preset=&#8220;default&#8220; global_colors_info=&#8220;{}&#8220;][et_pb_text _builder_version=&#8220;4.13.0&#8243; _module_preset=&#8220;default&#8220; header_font=&#8220;Bilbo Swash Caps||||||||&#8220; header_text_align=&#8220;right&#8220; header_text_color=&#8220;#004980&#8243; header_font_size=&#8220;47px&#8220; custom_padding=&#8220;33px|||||&#8220; header_text_shadow_style=&#8220;preset1&#8243; global_colors_info=&#8220;{}&#8220;]<\/p>\n<h1>&#8230;f\u00fcr das sichere Gef\u00fchl von mikrobenfreier Hygiene.<\/h1>\n<p>[\/et_pb_text][\/et_pb_column][\/et_pb_row][\/et_pb_section][et_pb_section fb_built=&#8220;1&#8243; _builder_version=&#8220;4.13.0&#8243; _module_preset=&#8220;default&#8220; background_color=&#8220;RGBA(0,0,0,0)&#8220; background_enable_image=&#8220;off&#8220; min_height=&#8220;569.4px&#8220; custom_margin=&#8220;-106px|||||&#8220; custom_padding=&#8220;||0px|||&#8220; global_colors_info=&#8220;{}&#8220;][et_pb_row _builder_version=&#8220;4.13.0&#8243; _module_preset=&#8220;default&#8220; min_height=&#8220;526.4px&#8220; global_colors_info=&#8220;{}&#8220;][et_pb_column type=&#8220;4_4&#8243; _builder_version=&#8220;4.13.0&#8243; _module_preset=&#8220;default&#8220; global_colors_info=&#8220;{}&#8220;][et_pb_image src=&#8220;https:\/\/all4groups.com\/wp-content\/uploads\/icons-usp-uvc_png.png&#8220; title_text=&#8220;icons usp uvc_png&#8220; _builder_version=&#8220;4.13.0&#8243; _module_preset=&#8220;default&#8220; global_colors_info=&#8220;{}&#8220;][\/et_pb_image][\/et_pb_column][\/et_pb_row][\/et_pb_section][et_pb_section fb_built=&#8220;1&#8243; admin_label=&#8220;Gallery&#8220; _builder_version=&#8220;3.22&#8243; background_color_gradient_direction=&#8220;90deg&#8220; custom_padding=&#8220;0px|0px|0px|0px&#8220; locked=&#8220;off&#8220; global_colors_info=&#8220;{}&#8220;][et_pb_row column_structure=&#8220;1_4,1_4,1_4,1_4&#8243; use_custom_gutter=&#8220;on&#8220; gutter_width=&#8220;1&#8243; make_equal=&#8220;on&#8220; admin_label=&#8220;Best Beans Row&#8220; module_class=&#8220; et_pb_row_fullwidth&#8220; _builder_version=&#8220;3.25&#8243; width=&#8220;100%&#8220; width_tablet=&#8220;100%&#8220; width_phone=&#8220;&#8220; width_last_edited=&#8220;on|desktop&#8220; max_width=&#8220;100%&#8220; max_width_tablet=&#8220;100%&#8220; max_width_phone=&#8220;&#8220; max_width_last_edited=&#8220;on|desktop&#8220; custom_margin=&#8220;|||&#8220; custom_padding=&#8220;0px|0px|0px|0px&#8220; make_fullwidth=&#8220;on&#8220; global_colors_info=&#8220;{}&#8220;][et_pb_column type=&#8220;1_4&#8243; _builder_version=&#8220;3.25&#8243; custom_padding=&#8220;|||&#8220; global_colors_info=&#8220;{}&#8220; custom_padding__hover=&#8220;|||&#8220;][et_pb_image src=&#8220;https:\/\/all4groups.com\/wp-content\/uploads\/cover-uvc_800x800.jpg&#8220; title_text=&#8220;cover uvc_800x800&#8243; _builder_version=&#8220;4.13.0&#8243; _module_preset=&#8220;default&#8220; global_colors_info=&#8220;{}&#8220;][\/et_pb_image][\/et_pb_column][et_pb_column type=&#8220;1_4&#8243; _builder_version=&#8220;3.25&#8243; custom_padding=&#8220;|||&#8220; global_colors_info=&#8220;{}&#8220; custom_padding__hover=&#8220;|||&#8220;][et_pb_image src=&#8220;https:\/\/all4groups.com\/wp-content\/uploads\/IMG_1145_800x800.jpg&#8220; title_text=&#8220;IMG_1145_800x800&#8243; _builder_version=&#8220;4.13.0&#8243; _module_preset=&#8220;default&#8220; global_colors_info=&#8220;{}&#8220;][\/et_pb_image][\/et_pb_column][et_pb_column type=&#8220;1_4&#8243; _builder_version=&#8220;3.25&#8243; custom_padding=&#8220;|||&#8220; global_colors_info=&#8220;{}&#8220; custom_padding__hover=&#8220;|||&#8220;][et_pb_image src=&#8220;https:\/\/all4groups.com\/wp-content\/uploads\/IMG_1153_800x800.jpg&#8220; title_text=&#8220;IMG_1153_800x800&#8243; force_fullwidth=&#8220;on&#8220; align_tablet=&#8220;center&#8220; align_phone=&#8220;&#8220; align_last_edited=&#8220;on|desktop&#8220; _builder_version=&#8220;4.13.0&#8243; locked=&#8220;off&#8220; global_colors_info=&#8220;{}&#8220;][\/et_pb_image][\/et_pb_column][et_pb_column type=&#8220;1_4&#8243; _builder_version=&#8220;3.25&#8243; custom_padding=&#8220;|||&#8220; global_colors_info=&#8220;{}&#8220; custom_padding__hover=&#8220;|||&#8220;][et_pb_image src=&#8220;https:\/\/all4groups.com\/wp-content\/uploads\/IMG_1166_800x800.jpg&#8220; title_text=&#8220;IMG_1166_800x800&#8243; force_fullwidth=&#8220;on&#8220; align_tablet=&#8220;center&#8220; align_phone=&#8220;&#8220; align_last_edited=&#8220;on|desktop&#8220; _builder_version=&#8220;4.13.0&#8243; locked=&#8220;off&#8220; global_colors_info=&#8220;{}&#8220;][\/et_pb_image][\/et_pb_column][\/et_pb_row][\/et_pb_section][et_pb_section fb_built=&#8220;1&#8243; admin_label=&#8220;Coffee Menu&#8220; _builder_version=&#8220;4.13.0&#8243; background_enable_color=&#8220;off&#8220; background_image=&#8220;https:\/\/all4groups.com\/wp-content\/uploads\/iStock-1211544069_gekauft-Konvertiert_transparent35.png&#8220; custom_padding=&#8220;64px|0px|37px|||&#8220; locked=&#8220;off&#8220; global_colors_info=&#8220;{}&#8220;][et_pb_row _builder_version=&#8220;4.13.0&#8243; _module_preset=&#8220;default&#8220; global_colors_info=&#8220;{}&#8220;][et_pb_column type=&#8220;4_4&#8243; _builder_version=&#8220;4.13.0&#8243; _module_preset=&#8220;default&#8220; global_colors_info=&#8220;{}&#8220;][et_pb_text _builder_version=&#8220;4.13.0&#8243; _module_preset=&#8220;default&#8220; text_font_size=&#8220;20px&#8220; global_colors_info=&#8220;{}&#8220;]<\/p>\n<p style=\"text-align: justify;\">Mit einer UVC-Box k\u00f6nnen Sie <strong>Dinge aller Art schnell, einfach<\/strong> und ohne Verwendung von Chemikalien sicher desinfizieren. Die UVC-Box verf\u00fcgt \u00fcber eine <strong>ber\u00fchrungslose Touch-Free Steuerung<\/strong>, die vor der weiteren Ausbreitung von Bakterien und Viren sch\u00fctzt. Spezielle Sensoren \u00f6ffnen und schlie\u00dfen die Luke vollautomatisch und starten die eigentliche Desinfektion selbstst\u00e4ndig.<\/p>\n<p style=\"text-align: justify;\">Der Aufbau und die Funktionsweise der UVC-Box garantieren eine <strong>sichere Anwendung<\/strong>, ohne Gefahr von Augen- oder Hautsch\u00e4den durch UVC-Lichtstrahlen.<\/p>\n<p style=\"text-align: justify;\">Die Wirksamkeit und sichere Anwendung der UVC-Box wurden vom international anerkannten <strong>SOAK-Institut (D\u00e4nisches Institut f\u00fcr Technologie)<\/strong> mehrfach gepr\u00fcft und anhand diverser <strong>ISO-Standards und EU-Regularien<\/strong> zertifiziert.<\/p>\n<p>[\/et_pb_text][\/et_pb_column][\/et_pb_row][et_pb_row _builder_version=&#8220;4.13.0&#8243; _module_preset=&#8220;default&#8220; global_colors_info=&#8220;{}&#8220;][et_pb_column type=&#8220;4_4&#8243; _builder_version=&#8220;4.13.0&#8243; _module_preset=&#8220;default&#8220; global_colors_info=&#8220;{}&#8220;][et_pb_button button_url=&#8220;mailto:sales@all4groups.com&#8220; button_text=&#8220;MEHR INFOS ERHALTEN&#8220; button_alignment=&#8220;center&#8220; _builder_version=&#8220;4.14.7&#8243; _module_preset=&#8220;default&#8220; custom_button=&#8220;on&#8220; button_text_color=&#8220;#004980&#8243; global_colors_info=&#8220;{}&#8220;][\/et_pb_button][\/et_pb_column][\/et_pb_row][\/et_pb_section][et_pb_section fb_built=&#8220;1&#8243; admin_label=&#8220;Sektion&#8220; _builder_version=&#8220;4.13.0&#8243; background_color=&#8220;#6f6d60&#8243; custom_padding=&#8220;12px|0px|0px|0px&#8220; global_module=&#8220;1739&#8243; global_colors_info=&#8220;{}&#8220;][et_pb_row column_structure=&#8220;1_2,1_2&#8243; _builder_version=&#8220;4.13.0&#8243; background_size=&#8220;initial&#8220; background_position=&#8220;top_left&#8220; background_repeat=&#8220;repeat&#8220; custom_padding=&#8220;12px|0px|12px|0px&#8220; global_colors_info=&#8220;{}&#8220;][et_pb_column type=&#8220;1_2&#8243; _builder_version=&#8220;3.25&#8243; custom_padding=&#8220;|||&#8220; global_colors_info=&#8220;{}&#8220; custom_padding__hover=&#8220;|||&#8220;][et_pb_image src=&#8220;https:\/\/all4groups.com\/wp-content\/uploads\/Logo-All4Groups-weiss.png&#8220; align=&#8220;center&#8220; align_tablet=&#8220;center&#8220; align_phone=&#8220;&#8220; align_last_edited=&#8220;on|desktop&#8220; _builder_version=&#8220;4.13.0&#8243; max_height=&#8220;70px&#8220; animation_style=&#8220;slide&#8220; animation_direction=&#8220;left&#8220; animation_duration=&#8220;500ms&#8220; animation_intensity_slide=&#8220;10%&#8220; global_colors_info=&#8220;{}&#8220;][\/et_pb_image][\/et_pb_column][et_pb_column type=&#8220;1_2&#8243; _builder_version=&#8220;3.25&#8243; custom_padding=&#8220;|||&#8220; global_colors_info=&#8220;{}&#8220; custom_padding__hover=&#8220;|||&#8220;][et_pb_text admin_label=&#8220;Text&#8220; _builder_version=&#8220;4.13.0&#8243; text_font=&#8220;Montserrat|100|||||||&#8220; text_line_height=&#8220;1em&#8220; global_colors_info=&#8220;{}&#8220;]<\/p>\n<p style=\"text-align: left;\"><span style=\"font-size: 10pt; color: #ffffff;\"><strong> ALL4GROUPS Systems GmbH | Grazergasse 50, 8430 Leibnitz | AUSTRIA<\/strong><\/span><\/p>\n<p style=\"text-align: left;\"><span style=\"font-size: 10pt; color: #ffffff;\"><strong><span style=\"color: #ffffff;\">office@all4groups.com<\/span><\/strong><\/span><\/p>\n<p>[\/et_pb_text][\/et_pb_column][\/et_pb_row][\/et_pb_section]<\/p>","protected":false},"excerpt":{"rendered":"<p>Die UVC-Box inaktiviert BAKTERIEN, PILZE und VIREN zu 99,99% &#8211; ohne Chemikalien, ber\u00fchrungslos, in nur 2 Minuten.UVC-Licht wird seit vielen Jahren erfolgreich in Industrie und Medizin zur Desinfektion von Gegenst\u00e4nden aller Art eingesetzt. Mit einer Wellenl\u00e4nge von 200-280 Nm ist es f\u00fcr das menschliche Auge unsichtbar \u2013 aber enorm effektiv in der Abt\u00f6tung von Mikroben. [&hellip;]<\/p>","protected":false},"author":6521,"featured_media":0,"parent":0,"menu_order":0,"comment_status":"closed","ping_status":"closed","template":"","meta":{"_et_pb_use_builder":"on","_et_pb_old_content":"","_et_gb_content_width":"","footnotes":""},"_links":{"self":[{"href":"https:\/\/www.all4groups.com\/en\/wp-json\/wp\/v2\/pages\/48879"}],"collection":[{"href":"https:\/\/www.all4groups.com\/en\/wp-json\/wp\/v2\/pages"}],"about":[{"href":"https:\/\/www.all4groups.com\/en\/wp-json\/wp\/v2\/types\/page"}],"author":[{"embeddable":true,"href":"https:\/\/www.all4groups.com\/en\/wp-json\/wp\/v2\/users\/6521"}],"replies":[{"embeddable":true,"href":"https:\/\/www.all4groups.com\/en\/wp-json\/wp\/v2\/comments?post=48879"}],"version-history":[{"count":27,"href":"https:\/\/www.all4groups.com\/en\/wp-json\/wp\/v2\/pages\/48879\/revisions"}],"predecessor-version":[{"id":48961,"href":"https:\/\/www.all4groups.com\/en\/wp-json\/wp\/v2\/pages\/48879\/revisions\/48961"}],"wp:attachment":[{"href":"https:\/\/www.all4groups.com\/en\/wp-json\/wp\/v2\/media?parent=48879"}],"curies":[{"name":"wp","href":"https:\/\/api.w.org\/{rel}","templated":true}]}}