{"id":2686,"date":"2018-03-20T12:16:11","date_gmt":"2018-03-20T11:16:11","guid":{"rendered":"https:\/\/all4groups.com\/?page_id=2686"},"modified":"2025-03-17T18:09:29","modified_gmt":"2025-03-17T17:09:29","slug":"agb","status":"publish","type":"page","link":"https:\/\/www.all4groups.com\/en\/agb\/","title":{"rendered":"agb"},"content":{"rendered":"<p>[et_pb_section fb_built=&#8220;1&#8243; fullwidth=&#8220;on&#8220; admin_label=&#8220;Sektion&#8220; _builder_version=&#8220;4.16&#8243; background_image=&#8220;https:\/\/all4groups.com\/wp-content\/uploads\/Image-Header-Datenschutz.jpg&#8220; custom_padding=&#8220;0px|0px|1px|0px&#8220; custom_css_main_element=&#8220;height:500px;&#8220; global_colors_info=&#8220;{}&#8220;][\/et_pb_section][et_pb_section fb_built=&#8220;1&#8243; admin_label=&#8220;Sektion&#8220; _builder_version=&#8220;4.16&#8243; custom_padding=&#8220;0px|0px|12px|0px&#8220; global_colors_info=&#8220;{}&#8220;][et_pb_row admin_label=&#8220;Zeile&#8220; _builder_version=&#8220;4.16&#8243; background_size=&#8220;initial&#8220; background_position=&#8220;top_left&#8220; background_repeat=&#8220;repeat&#8220; global_colors_info=&#8220;{}&#8220;][et_pb_column type=&#8220;4_4&#8243; _builder_version=&#8220;4.16&#8243; custom_padding=&#8220;|||&#8220; global_colors_info=&#8220;{}&#8220; custom_padding__hover=&#8220;|||&#8220;][et_pb_text admin_label=&#8220;Text&#8220; _builder_version=&#8220;4.16&#8243; custom_padding=&#8220;50px|||&#8220; global_colors_info=&#8220;{}&#8220;]<\/p>\n<p>&nbsp;<\/p>\n<p><span style=\"font-size: x-large;\"><strong> General Terms and Conditions of All4Groups Systems Gmbh for the sale and lease of \u201cGroupy\u201d audio transmission systems<\/strong><\/span><\/p>\n<p>&nbsp;<\/p>\n<p>[\/et_pb_text][\/et_pb_column][\/et_pb_row][\/et_pb_section][et_pb_section fb_built=&#8220;1&#8243; admin_label=&#8220;Sektion&#8220; _builder_version=&#8220;4.16&#8243; global_colors_info=&#8220;{}&#8220;][et_pb_row admin_label=&#8220;Zeile&#8220; _builder_version=&#8220;4.16&#8243; background_size=&#8220;initial&#8220; background_position=&#8220;top_left&#8220; background_repeat=&#8220;repeat&#8220; global_colors_info=&#8220;{}&#8220;][et_pb_column type=&#8220;4_4&#8243; _builder_version=&#8220;4.16&#8243; custom_padding=&#8220;|||&#8220; global_colors_info=&#8220;{}&#8220; custom_padding__hover=&#8220;|||&#8220;][et_pb_text admin_label=&#8220;Text&#8220; _builder_version=&#8220;4.16&#8243; hover_enabled=&#8220;0&#8243; global_colors_info=&#8220;{}&#8220; sticky_enabled=&#8220;0&#8243;]<\/p>\n<p style=\"text-align: left;\"><strong>1. Scope of validity<\/strong><\/p>\n<p>The present General Terms and Conditions (hereinafter \u201cT&amp;Cs\u201d) of All4Groups Systems GmbH, Altenmarkterstra\u00dfe 6, 8430 Leibnitz (hereinafter All4Groups) shall apply to all contracts on the supply or leasing of goods\/movables or in combination with all kinds of other services by All4Groups to natural persons or legal entities (in short \u201cCustomer\u201d). The inclusion of the Customer\u2019s own terms and conditions shall hereby be rejected, unless otherwise agreed.<\/p>\n<p>Die Bestimmungen unter &#8222;I. Miete&#8220; gelten nur f\u00fcr die Anmietung von Waren\/Fahrnissen, die Bestimmungen unter &#8222;II. Kauf&#8220; nur f\u00fcr den Kauf und die Bestimmungen &#8222;III. Sonstiges&#8220; sowohl f\u00fcr die Anmietung, als auch f\u00fcr den Kauf von Waren\/Fahrnissen.<\/p>\n<p class=\"\" style=\"text-align: left;\"><b>2. General remarks<\/b><\/p>\n<p class=\"\" style=\"text-align: justify;\">All4Groups leases and sells \u201cGroupy\u201d audio transmission systems and provides related services. The Customer may make a non-binding inquiry regarding the offer of Groupy systems to All4Groups by telephone, fax, e-mail, letter or via the online contact form provided on the website of All4Groups. All4Groups shall give the Customer a binding offer upon request. With regard to acceptance of the offer by the Customer, the terms of acceptance and deadlines noted on the respective offer shall apply.<\/p>\n<p>[\/et_pb_text][et_pb_text admin_label=&#8220;Text&#8220; _builder_version=&#8220;4.24.0&#8243; custom_padding=&#8220;50px|||&#8220; hover_enabled=&#8220;0&#8243; global_colors_info=&#8220;{}&#8220; sticky_enabled=&#8220;0&#8243;]<\/p>\n<p style=\"text-align: center;\"><span style=\"font-size: 18pt;\"><strong>I. Lease<\/strong><\/span><\/p>\n<p><b style=\"background-color: #ffffff; font-size: 16px; text-align: left;\">3. Ownership<\/b><\/p>\n<p class=\"\" style=\"text-align: justify;\"><span style=\"background-color: #ffffff; text-align: left;\">S\u00e4mtliche vertragsgegenst\u00e4ndliche Fahrnisse stehen im Eigentum oder der Verf\u00fcgungsberechtigung von All4Groups und werden nach den Bestimmungen des Vertrages an den Kunden f\u00fcr die Dauer des Mietverh\u00e4ltnisses, oder bis zur vorzeitigen Aufl\u00f6sung des Vertrages entgeltlich \u00fcberlassen. Unter Fahrnisse im Sinne dieser Bedingungen werden auch allf\u00e4llige immaterielle Sachen (insbesondere Software o.\u00e4.) verstanden und es unterliegt auch die Vermietung\/Lizenzierung dieser Sachen in diesem Vertrag.<\/span><\/p>\n<p class=\"\" style=\"text-align: justify;\"><b style=\"background-color: #ffffff; font-size: 16px; text-align: left;\">4. Duration of lease<\/b><\/p>\n<p class=\"\" style=\"text-align: justify;\">Die Mindestmietdauer betr\u00e4gt 3 Tage (72 Stunden) \u2013 es sei denn, es wird ausdr\u00fccklich schriftlich von dieser Vereinbarung abgegangen. Haben die Parteien f\u00fcr einen Auftrag Sonderkonditionen jedweder Art vereinbart, gelten diese grunds\u00e4tzlich nicht f\u00fcr gleichzeitig laufende und zuk\u00fcnftige Vertragsverh\u00e4ltnisse mit dem Kunden. <span style=\"font-size: 16px;\">All4Groups ist berechtigt, den Vertrag vorzeitig aufzul\u00f6sen, wenn \u2013 ungeachtet des Verschuldens des Kunden \u2013 die Voraussetzungen des \u00a71118 ABGB Fall 1 und Fall 2 erf\u00fcllt sind. Die Aufl\u00f6sung ist auch ohne vorhergehende Abmahnung wirksam und berechtigt All4Groups die unverz\u00fcgliche Herausgabe der gemieteten Fahrnisse zu fordern und\/oder gerichtlich einzuklagen. <\/span><span style=\"font-size: 16px;\">Im Falle der vorzeitlichen Aufl\u00f6sung durch All4Groups ist der auf die restliche urspr\u00fcnglich vertraglich vereinbarte Mietdauer noch zu bezahlende Betrag\/Mietzins als Vertragsstrafe mit dem Tag der Aufl\u00f6sung f\u00e4llig.<\/span><\/p>\n<p class=\"\" style=\"text-align: justify;\"><b style=\"background-color: #ffffff; font-size: 16px; text-align: left;\">5. Delivery<\/b><\/p>\n<p class=\"\" style=\"text-align: justify;\"><span style=\"background-color: #ffffff; text-align: left;\">Die Lieferung der Fahrnisse erfolgt auf dem Versandweg an die vom Kunden angegebene Lieferanschrift, sofern nichts anderes vereinbart ist. Die Entscheidung \u00fcber die Versendungsform (Transportweg) beh\u00e4lt sich All4Groups vor. <\/span>Genannte Lieferzeiten\/Liefertermine sind unverbindlich, es sei denn, die Verbindlichkeit der genannten Zeit\/des genannten Termins wird von All4Groups ausdr\u00fccklich best\u00e4tigt. Fixtermine m\u00fcssen ausdr\u00fccklich als solche vereinbart werden. Grunds\u00e4tzlich erfolgt der Transport zum vereinbarten Lieferort einen Tag vor Mietbeginn, der R\u00fccktransport zu All4Groups einen Tag nach Mietende. Die beiden Transporttage z\u00e4hlen somit nicht zur Dauer des Mietverh\u00e4ltnisses. All4Groups ist zu Teillieferungen berechtigt, soweit dies dem Kunden zumutbar ist. Dies gilt insbesondere auch f\u00fcr den separaten Versand von Zubeh\u00f6rteilen. Der Kunde ist zur Abnahme von Teillieferungen verpflichtet, ohne dass es seiner vorhergehenden ausdr\u00fccklichen Zustimmung bedarf.<\/p>\n<p class=\"\" style=\"text-align: justify;\"><b style=\"background-color: #ffffff; font-size: 16px; text-align: left;\">6. Pr\u00fcfpflicht<\/b><\/p>\n<p class=\"\" style=\"text-align: justify;\"><span style=\"background-color: #ffffff; text-align: left;\">Der Kunde hat sich bei \u00dcbergabe der Fahrnisse (samt Zubeh\u00f6r) von der ordnungsgem\u00e4\u00dfen Beschaffenheit, Vollst\u00e4ndigkeit und Funktionsf\u00e4higkeit der Ware zu \u00fcberzeugen. Transportsch\u00e4den und Transportverluste sind unverz\u00fcglich an All4Groups zu melden. Erfolgt bei der \u00dcbergabe keine R\u00fcge oder keine Reklamation, so gilt die ordnungsgem\u00e4\u00dfe \u00dcbergabe als best\u00e4tigt.<\/span><\/p>\n<p class=\"\" style=\"text-align: justify;\"><b style=\"background-color: #ffffff; font-size: 16px; text-align: left;\">7. Duty of care<\/b><\/p>\n<p class=\"\" style=\"text-align: justify;\">Der Kunde ist, bei sonstigem Schadenersatz und\/oder vorzeitiger Aufl\u00f6sung des Vertrages, verpflichtet, die gemieteten Fahrnisse sorgf\u00e4ltig und fachgerecht zu behandeln. Er hat auch f\u00fcr eine ordnungsgem\u00e4\u00dfe Aufbewahrung, Installation, Verwendung, Betrieb, sowie auch f\u00fcr einen ordnungsgem\u00e4\u00dfen R\u00fccktransport nach Ablauf des Mietverh\u00e4ltnisses zu sorgen. <span style=\"font-size: 16px;\">Mit der \u00dcbernahme der Fahrnisse best\u00e4tigt der Kunde, im Umgang mit den ihm \u00fcberlassenen Ger\u00e4ten vertraut zu sein und auch nur Personen, unter seiner Verantwortung, seiner Gefahr und seiner Anleitung, mit diesen Fahrnissen umgehen zu lassen. <\/span><span style=\"font-size: 16px;\">Es besteht die M\u00f6glichkeit, durch All4Groups umfassend an den Fahrnissen geschult zu werden. Diese Einschulung ist nicht Teil des Mietvertrages und wird gesondert vereinbart.<\/span><\/p>\n<p class=\"\" style=\"text-align: justify;\"><strong>8<\/strong><b style=\"font-size: 16px; text-align: left; background-color: #ffffff;\">8. Invoicing and payment targets<\/b><\/p>\n<p class=\"\"><span style=\"text-align: left; background-color: #ffffff;\">Die Rechnungslegung erfolgt am Tag des Beginns des Mietverh\u00e4ltnisses. Rechnungen sind binnen 14 Tage nach Rechnungslegung zur Zahlung f\u00e4llig, sofern im Einzelfall nichts anderes vereinbart wurde.<\/span><\/p>\n<p class=\"\" style=\"text-align: justify;\"><b style=\"background-color: #ffffff; font-size: 16px; text-align: left;\">9. R\u00fccktransport<\/b><\/p>\n<p class=\"\" style=\"text-align: justify;\">Der Kunde ist verpflichtet zum Ende des Mietverh\u00e4ltnisses die gemieteten Fahrnisse vollst\u00e4ndig und unversehrt f\u00fcr die zur Anlieferung verwendeten Transportverpackungen zu verstauen und am Tag nach Mietende am vereinbarten Ort dem Transportunternehmen zur Abholung bereit zu stellen. Der Kunde haftet f\u00fcr die gemieteten Fahrnisse solange, bis das Transportunternehmen die Fahrnisse \u00fcbernommen hat. <span style=\"font-size: 16px;\">Im Falle des R\u00fcckgabeverzugs ist aus dem Titel des t\u00e4glichen Ben\u00fctzungsentgeltes ein Betrag in der H\u00f6he des Gesamtrechnungsbetrages (s\u00e4mtlicher gemieteter Fahrnisse, ungeachtet ob ein Teil davon bereits zur\u00fcckgegeben wurde, oder nicht) dividiert durch die Tage der vertragskonformen Mietdauer, zuz\u00fcglich 100% Versp\u00e4tungsaufschlag f\u00fcr jeden Tag des R\u00fcckgabeverzuges bis zur ordnungsgem\u00e4\u00dfen R\u00fcckgabe zu entrichten. <\/span>Der Kunde verpflichtet sich, s\u00e4mtliche mit einer versp\u00e4teten oder nicht ordnungsgem\u00e4\u00dfen \u00dcbergabe verbundenen Kosten und Aufwendungen zu bezahlen. Der Kunde anerkennt, dass bei Verzug All4Groups berechtigt ist, jene Schritte zu setzen, die dazu f\u00fchren, dass die gemieteten Fahrnisse All4Groups rasch zur Verf\u00fcgung stehen (allenfalls Expresslieferung) und verpflichtet sich, die damit verbundenen Kosten zu \u00fcbernehmen.<\/p>\n<p class=\"\" style=\"text-align: center;\"><strong style=\"background-color: #ffffff; font-size: 24px; text-align: center;\">II. Purchase<\/strong><\/p>\n<p class=\"\" style=\"text-align: justify;\"><b style=\"background-color: #ffffff; font-size: 16px; text-align: left;\">10. Delivery<\/b><\/p>\n<p class=\"\" style=\"text-align: justify;\">Die Lieferung erfolgt an die vom Kunden angegebene Lieferadresse. Genannte Lieferzeiten\/Liefertermine sind unverbindlich, es sei denn, die Verbindlichkeit der genannten Zeit\/des genannten Termins wird von All4Groups ausdr\u00fccklich best\u00e4tigt. Fixtermine m\u00fcssen ausdr\u00fccklich als solche vereinbart werden. Gefahr und Kosten der Lieferung hat der Kunde zu tragen. <span style=\"font-size: 16px;\">All4Groups ist zu Teillieferungen berechtigt, soweit dies dem Kunden zumutbar ist. Dies gilt insbesondere auch f\u00fcr den separaten Versand von Zubeh\u00f6rteilen. Der Kunde ist zur Abnahme von Teillieferungen verpflichtet, ohne dass es seiner vorhergehenden ausdr\u00fccklichen Zustimmung bedarf.<\/span><\/p>\n<p class=\"\" style=\"text-align: justify;\"><b style=\"background-color: #ffffff; font-size: 16px; text-align: left;\">11. <\/b><span style=\"text-align: left;\"><b>Eigentumsvorbehalt, Aufrechnung, Zur\u00fcckbehaltung<\/b><\/span><\/p>\n<p class=\"\" style=\"text-align: justify;\">Die gelieferten Waren bleiben bis zur vollst\u00e4ndigen Bezahlung des Kaufpreises einschlie\u00dflich der vom Kunden zu tragenden Kosten im Eigentum von All4Groups. Rechnungen sind binnen 14 Tagen nach Rechnungslegung zur Zahlung f\u00e4llig, sofern im Einzelfall nichts anderes vereinbart wurde. Ein Recht zur Aufrechnung steht dem Kunden nur zu, wenn dessen Anspr\u00fcche gerichtlich festgestellt oder von All4Groups unbestritten sind. Ein Zur\u00fcckbehaltungsrecht steht dem Kunden nur insoweit zu, als sein Anspruch auf dem gleichen Vertragsverh\u00e4ltnis beruht.<\/p>\n<p class=\"\" style=\"text-align: justify;\"><b style=\"background-color: #ffffff; font-size: 16px; text-align: left;\">12. <\/b><span style=\"background-color: #ffffff; font-size: 16px; text-align: left;\"><b style=\"font-size: 16px;\">Gew\u00e4hrleistung<\/b><\/span><\/p>\n<p class=\"\" style=\"text-align: justify;\"><span style=\"background-color: #ffffff; text-align: left;\">Als Gew\u00e4hrleistungsfrist wird ein Jahr vereinbart. Der Kunde hat stets die Mangelhaftigkeit zum Zeitpunkt der \u00dcbergabe zu beweisen. Behebungen eines vom Kunden behaupteten Mangels stellen kein Anerkenntnis dieses vom Kunden behauptenden Mangels dar. Im Falle der Wandlung hat sich der Kunde die Nutzung anrechnen zu lassen, sodass er den Wert der Sache zum Zeitpunkt der Wandlung erh\u00e4lt.<\/span><\/p>\n<p class=\"\" style=\"background-color: #ffffff; font-size: 16px; text-align: center;\"><strong style=\"background-color: #ffffff; font-size: 24px;\">III. Other provisions<\/strong><\/p>\n<p class=\"\" style=\"background-color: #ffffff; font-size: 16px;\"><b style=\"background-color: #ffffff; font-size: 16px; text-align: left;\">13. Pricing<\/b><\/p>\n<p class=\"\" style=\"background-color: #ffffff; text-align: justify;\">Sofern sich aus dem Angebot von All4Groups nichts anderes ergibt, handelt es sich bei den angegebenen Preisen um Netto-Preise, die zuz\u00fcglich der gesetzlichen Umsatzsteuer gelten. Verpackungs- und Versandkosten, Verladung, Versicherung (insbesondere Transportversicherung), Z\u00f6lle und Abgaben werden gesondert verrechnet. Bei Lieferungen in L\u00e4nder au\u00dferhalb der Europ\u00e4ischen Union k\u00f6nnen im Einzelfall weitere Kosten anfallen, die All4Groups nicht zu vertreten hat und die vom Kunden zu tragen sind. Hierzu z\u00e4hlen beispielsweise Kosten f\u00fcr die Geld\u00fcbermittlung durch Kreditinstitute (z.B. \u00dcberweisungsgeb\u00fchren, Wechselkursgeb\u00fchren etc.) oder einfuhrrechtliche Abgaben bzw. Steuern (z.B. Z\u00f6lle). Solche Kosten k\u00f6nnen in Bezug auf die Geld\u00fcbermittlung auch dann anfallen, wenn die Lieferung nicht in ein Land au\u00dferhalb der Europ\u00e4ischen Union erfolgt, der Kunde die Zahlungen aber von einem Land au\u00dferhalb der Europ\u00e4ischen Union aus vornimmt. Sollten nicht vorhersehbare Kostenerh\u00f6hungen eintreten (z.B. Wechselkursschwankungen, unerwartete Preiserh\u00f6hungen der Lieferanten, etc.) ist All4Groups berechtigt, die Preiserh\u00f6hung an den Kunden weiterzugeben.<\/p>\n<p class=\"\" style=\"background-color: #ffffff; text-align: justify;\"><b style=\"background-color: #ffffff; font-size: 16px; text-align: left;\">14. Liability<\/b><\/p>\n<p class=\"\" style=\"background-color: #ffffff; text-align: justify;\">Der Kunde haftet gegen\u00fcber Dritten f\u00fcr alle Sch\u00e4den und Folgesch\u00e4den an Personen (z.B. Geh\u00f6rsch\u00e4den usw.) und h\u00e4lt All4Groups vollst\u00e4ndig schad- und klaglos. Dies gilt auch f\u00fcr allf\u00e4llige Anspr\u00fcche nach dem \u00f6PHG (Produkthaftungsgesetz). Es obliegt dem Kunden, geeignete Vorkehrungen zu treffen, Anleitungen zu geben bzw. entsprechende Versicherungen abzuschlie\u00dfen. All4Groups haftet bei Verm\u00f6genssch\u00e4den nur in F\u00e4llen von Vorsatz oder grober Fahrl\u00e4ssigkeit und die Haftung ist beschr\u00e4nkt mit dem Haftungsh\u00f6chstbetrag der betrieblichen Haftpflichtversicherung. Schadenersatzanspr\u00fcche sind binnen sechs Monaten gerichtlich geltend zu machen.<\/p>\n<p class=\"\" style=\"background-color: #ffffff; text-align: justify;\"><b style=\"background-color: #ffffff; font-size: 16px; text-align: left;\">15. Immaterialg\u00fcterrechte<\/b><\/p>\n<p class=\"\" style=\"background-color: #ffffff;\"><span style=\"background-color: #ffffff; text-align: left;\">Dem Kunden wird die Software GroupySYNC (mit kostenpflichtigen Text2Speech-Komponenten zur Medienerstellung) zur Verf\u00fcgung gestell und dem Kunden wird das Nutzungsrecht dieser Software ausschlie\u00dflich im Zusammenhang mit den gekauften bzw. gemieteten Groupy-Ger\u00e4ten einger\u00e4umt. Der Kunde ist nicht berechtigt, die Text2Speech-Software zund die damit erstellten Mediendateien f\u00fcr andere Zwecke zu nutzen. Die Nutzung ist mit 2 Mio. Zeichen begrenzt. Setzt der Kunde die Text2Speech-Software unberechtigt f\u00fcr andere Zwecke oder \u00fcber das vereinbarte Ausma\u00df hinausgehend ein, hat All4Groups Anspruch auf ein gesondertes Nutzungsentgelt.<\/span><\/p>\n<p>Die optionale Text2Speech-Komponente wird mit einer Jahresgeb\u00fchr pro Ger\u00e4t verrechnet. Sofern keine K\u00fcndigung 4 Wochen vor Ende der Laufzeit bei der All4Groups Systems GmbH eingeht, wird die Jahreslizenz automatisch verl\u00e4ngert.<\/p>\n<p class=\"\" style=\"background-color: #ffffff;\"><span style=\"background-color: #ffffff; text-align: left;\">Der Kunde hat daf\u00fcr zu sorgen und ist alleine daf\u00fcr verantwortlich, dass s\u00e4mtliche mit dem Betrieb der Ger\u00e4te verbundenen (beh\u00f6rdlichen) Auflagen erf\u00fcllt werden. Hierzu z\u00e4hlen beispielsweise das Urheberrecht oder Markenrecht tangierende, verwendete Inhalte oder Auflagen\/Geb\u00fchren, die in Zusammenhang mit der AKM (staatlich genehmigte Gesellschaft der Autoren Komponisten und Musikverleger) oder GIS (Geb\u00fchren Info Service GmbH) oder \u00c4hnlichem stehen. Der Kunde stellt All4Groups von Anspr\u00fcchen Dritter frei, die diese im Zusammenhang mit einer Verletzung ihrer Rechte durch die vertragsgem\u00e4\u00dfe Nutzung der Inhalte des Kunden der All4Groups gegen\u00fcber geltend machen k\u00f6nnen.<\/span><\/p>\n<p class=\"\" style=\"background-color: #ffffff;\"><b style=\"background-color: #ffffff; font-size: 16px; text-align: left;\">16. Advertising<\/b><\/p>\n<p class=\"\" style=\"background-color: #ffffff; text-align: justify;\"><span style=\"background-color: #ffffff; text-align: left;\">All4Groups ist berechtigt, auf allen Werbemitteln und Waren und bei allen Werbema\u00dfnahmen \u2013 auch w\u00e4hrend der Zeit der \u00dcberlassung an den Kunden \u2013 auf sich und die All4Groups Produktfamilie hinzuweisen, ohne dass dem Kunden daf\u00fcr ein Entgeltanspruch zusteht. All4Groups ist \u2013 vorbehaltlich des jederzeit m\u00f6glichen schriftlichen Widerrufs des Kunden \u2013 dazu berechtigt, auf eigenen Werbetr\u00e4gern, Kommunikationskan\u00e4len und insbesondere auf der eigenen Unternehmens-Website www.all4groups.com mit Namen und Firmenlogo (bei \u00dcberlassung durch den Kunden) des Kunden auf die bestehende Gesch\u00e4ftsbeziehung hinzuweisen (Referenzliste). Es besteht diesbez\u00fcglich \u00fcber den Auftrag gegen\u00fcber Dritten keine Verschwiegenheitsverpflichtung \u2013 wohl aber in Bezug auf die Preisgestaltung.<\/span><\/p>\n<p class=\"et-fb-mce-line-break-holder\" style=\"background-color: #ffffff; text-align: justify;\">\n<p class=\"\" style=\"background-color: #ffffff; text-align: justify;\"><b style=\"background-color: #ffffff; font-size: 16px; text-align: left;\">17. System requirements<\/b><\/p>\n<p class=\"\" style=\"text-align: left; background-color: #ffffff;\">F\u00fcr die Nutzung der Software GroupySYNC ben\u00f6tigt der Kunde einen PC in einer aktuellen Version von Windows. Die aktuellen und detaillierten Systemvoraussetzungen werden dem Kunden auf Anfrage bekannt gegeben. Der Kunde hat den PC und das Windows-Betriebssystem auf eigene Kosten bereitzustellen, dies ist nicht Teil der Leistungen von All4Groups.<\/p>\n<p class=\"et-fb-mce-line-break-holder\" style=\"background-color: #ffffff; text-align: justify;\">\n<p class=\"\" style=\"background-color: #ffffff; text-align: justify;\"><b style=\"background-color: #ffffff; font-size: 16px; text-align: left;\">18. Closing remarks<\/b><\/p>\n<p class=\"\" style=\"background-color: #ffffff; text-align: justify;\">F\u00fcr Lieferung und Zahlung gilt als Erf\u00fcllungsort der Sitz von All4Groups, auch dann, wenn die \u00dcbergabe vereinbarungsgem\u00e4\u00df an einem anderen Ort erfolgt. Als Gerichtsstand wird Leibnitz vereinbart. Es wird das \u00f6sterreichische Recht, mit Ausnahme des IPRG und UN-Kaufrechts, als anzuwendendes Recht vereinbart. Die Vertragssprache ist Deutsch. Sollte eine der oben stehenden Bestimmungen unwirksam oder nichtig sein oder f\u00fcr unverbindlich erkl\u00e4rt werden, so werden dadurch die \u00fcbrigen Bestimmungen nicht ber\u00fchrt. In diesem Fall verpflichten sich beide Vertragsteile daran mitzuwirken, dass die unwirksame Bestimmung durch eine g\u00fcltige Vereinbarung ersetzt wird, deren Inhalt dem wirtschaftlichen Zweck der unwirksamen Bestimmungen am n\u00e4chsten kommt. Alle Vereinbarungen zwischen All4Groups und Kunden bed\u00fcrfen der Schriftform, dies gilt auch f\u00fcr das Abgehen von der Schriftform. M\u00fcndliche Nebenabreden sind nicht getroffen.<\/p>\n<p class=\"\" style=\"background-color: #ffffff; text-align: right;\"><span style=\"font-size: small;\"><em>Leibnitz, Stand 01.11.2021<\/em><\/span><\/p>\n<p>[\/et_pb_text][\/et_pb_column][\/et_pb_row][\/et_pb_section][et_pb_section fb_built=&#8220;1&#8243; admin_label=&#8220;Sektion&#8220; _builder_version=&#8220;4.13.0&#8243; background_color=&#8220;#6f6d60&#8243; custom_padding=&#8220;12px|0px|0px|0px&#8220; global_module=&#8220;1739&#8243; global_colors_info=&#8220;{}&#8220;][et_pb_row column_structure=&#8220;1_2,1_2&#8243; _builder_version=&#8220;4.16&#8243; background_size=&#8220;initial&#8220; background_position=&#8220;top_left&#8220; background_repeat=&#8220;repeat&#8220; custom_padding=&#8220;12px|0px|12px|0px&#8220; global_colors_info=&#8220;{}&#8220;][et_pb_column type=&#8220;1_2&#8243; _builder_version=&#8220;4.16&#8243; custom_padding=&#8220;|||&#8220; global_colors_info=&#8220;{}&#8220; custom_padding__hover=&#8220;|||&#8220;][et_pb_image src=&#8220;https:\/\/all4groups.com\/wp-content\/uploads\/Logo-All4Groups-weiss.png&#8220; align=&#8220;center&#8220; align_tablet=&#8220;center&#8220; align_phone=&#8220;&#8220; align_last_edited=&#8220;on|desktop&#8220; _builder_version=&#8220;4.16&#8243; max_height=&#8220;70px&#8220; animation_style=&#8220;slide&#8220; animation_direction=&#8220;left&#8220; animation_duration=&#8220;500ms&#8220; animation_intensity_slide=&#8220;10%&#8220; global_colors_info=&#8220;{}&#8220;][\/et_pb_image][\/et_pb_column][et_pb_column type=&#8220;1_2&#8243; _builder_version=&#8220;4.16&#8243; custom_padding=&#8220;|||&#8220; global_colors_info=&#8220;{}&#8220; custom_padding__hover=&#8220;|||&#8220;][et_pb_text admin_label=&#8220;Text&#8220; _builder_version=&#8220;4.16&#8243; text_font=&#8220;Montserrat|100|||||||&#8220; text_line_height=&#8220;1em&#8220; global_colors_info=&#8220;{}&#8220;]<\/p>\n<p style=\"text-align: left;\"><span style=\"font-size: 10pt; color: #ffffff;\"><strong> ALL4GROUPS Systems GmbH | Grazergasse 50, 8430 Leibnitz | AUSTRIA<\/strong><\/span><\/p>\n<p style=\"text-align: left;\"><span style=\"font-size: 10pt; color: #ffffff;\"><strong><span style=\"color: #ffffff;\">office@all4groups.com<\/span><\/strong><\/span><\/p>\n<p>[\/et_pb_text][\/et_pb_column][\/et_pb_row][\/et_pb_section]<\/p>","protected":false},"excerpt":{"rendered":"<p>&nbsp; Allgemeine Gesch\u00e4ftsbedingungen der All4Groups Systems GmbH &nbsp;1. Geltungsbereich Diese Allgemeinen Gesch\u00e4ftsbedingungen (nachfolgend \u201eAGB\u201c) der All4Groups Systems GmbH, Grazergasse 50, 8430 Leibnitz (nachfolgend All4Groups) gelten f\u00fcr alle Vertr\u00e4ge \u00fcber die Lieferung oder die Anmietung von Waren\/Fahrnissen oder in Kombination mit sonstigen Leistungen aller Art durch All4Groups an nat\u00fcrliche und juristische Personen (kurz Kunde). Hiermit wird [&hellip;]<\/p>","protected":false},"author":6521,"featured_media":0,"parent":0,"menu_order":0,"comment_status":"closed","ping_status":"closed","template":"","meta":{"_et_pb_use_builder":"on","_et_pb_old_content":"","_et_gb_content_width":"","footnotes":""},"_links":{"self":[{"href":"https:\/\/www.all4groups.com\/en\/wp-json\/wp\/v2\/pages\/2686"}],"collection":[{"href":"https:\/\/www.all4groups.com\/en\/wp-json\/wp\/v2\/pages"}],"about":[{"href":"https:\/\/www.all4groups.com\/en\/wp-json\/wp\/v2\/types\/page"}],"author":[{"embeddable":true,"href":"https:\/\/www.all4groups.com\/en\/wp-json\/wp\/v2\/users\/6521"}],"replies":[{"embeddable":true,"href":"https:\/\/www.all4groups.com\/en\/wp-json\/wp\/v2\/comments?post=2686"}],"version-history":[{"count":19,"href":"https:\/\/www.all4groups.com\/en\/wp-json\/wp\/v2\/pages\/2686\/revisions"}],"predecessor-version":[{"id":49167,"href":"https:\/\/www.all4groups.com\/en\/wp-json\/wp\/v2\/pages\/2686\/revisions\/49167"}],"wp:attachment":[{"href":"https:\/\/www.all4groups.com\/en\/wp-json\/wp\/v2\/media?parent=2686"}],"curies":[{"name":"wp","href":"https:\/\/api.w.org\/{rel}","templated":true}]}}