{"id":1954,"date":"2017-06-07T21:35:02","date_gmt":"2017-06-07T19:35:02","guid":{"rendered":"https:\/\/all4groups.com\/?page_id=1954"},"modified":"2023-09-27T11:22:19","modified_gmt":"2023-09-27T09:22:19","slug":"impressum-2","status":"publish","type":"page","link":"https:\/\/www.all4groups.com\/en\/impressum-2\/","title":{"rendered":"Impressum"},"content":{"rendered":"<p>[et_pb_section fb_built=&#8220;1&#8243; fullwidth=&#8220;on&#8220; admin_label=&#8220;Sektion&#8220; _builder_version=&#8220;4.16&#8243; background_image=&#8220;https:\/\/all4groups.com\/wp-content\/uploads\/Image-Header-Datenschutz.jpg&#8220; custom_padding=&#8220;0px|0px|1px|0px&#8220; custom_css_main_element=&#8220;height:500px;&#8220; global_colors_info=&#8220;{}&#8220;][\/et_pb_section][et_pb_section fb_built=&#8220;1&#8243; admin_label=&#8220;Sektion&#8220; _builder_version=&#8220;4.16&#8243; custom_padding=&#8220;0px|0px|12px|0px&#8220; global_colors_info=&#8220;{}&#8220;][et_pb_row admin_label=&#8220;Zeile&#8220; _builder_version=&#8220;4.16&#8243; background_size=&#8220;initial&#8220; background_position=&#8220;top_left&#8220; background_repeat=&#8220;repeat&#8220; global_colors_info=&#8220;{}&#8220;][et_pb_column type=&#8220;4_4&#8243; _builder_version=&#8220;4.16&#8243; custom_padding=&#8220;|||&#8220; global_colors_info=&#8220;{}&#8220; custom_padding__hover=&#8220;|||&#8220;][et_pb_text admin_label=&#8220;Text&#8220; _builder_version=&#8220;4.16&#8243; custom_padding=&#8220;50px|||&#8220; global_colors_info=&#8220;{}&#8220;]<\/p>\n<p><span style=\"font-size: 18pt;\"><strong><br \/>Impressum<br \/><\/strong><\/span><\/p>\n<p>[\/et_pb_text][\/et_pb_column][\/et_pb_row][\/et_pb_section][et_pb_section fb_built=&#8220;1&#8243; admin_label=&#8220;Sektion&#8220; _builder_version=&#8220;4.16&#8243; global_colors_info=&#8220;{}&#8220;][et_pb_row column_structure=&#8220;1_3,1_3,1_3&#8243; admin_label=&#8220;Zeile&#8220; _builder_version=&#8220;4.16&#8243; background_size=&#8220;initial&#8220; background_position=&#8220;top_left&#8220; background_repeat=&#8220;repeat&#8220; global_colors_info=&#8220;{}&#8220;][et_pb_column type=&#8220;1_3&#8243; _builder_version=&#8220;4.16&#8243; custom_padding=&#8220;|||&#8220; global_colors_info=&#8220;{}&#8220; custom_padding__hover=&#8220;|||&#8220;][et_pb_text admin_label=&#8220;Text&#8220; _builder_version=&#8220;4.16&#8243; global_colors_info=&#8220;{}&#8220;]<\/p>\n<p style=\"text-align: left;\"><strong>F\u00fcr den Inhalt verantwortlich:<\/strong><\/p>\n<p style=\"text-align: left;\">All4Groups Systems GmbH<br \/>\nGF Ing. Michael Schober<br \/>\nGrazergasse 50<br \/>\n8430 Leibnitz, \u00d6sterreich<br \/>\nT: +43 3452 76903-0<br \/>\nE: <a href=\"mailto:office@all4groups.com\">office@all4groups.com<br \/>\n<\/a>Internet: <a href=\"https:\/\/www.all4groups.com\/en\/\">www.all4groups.com<\/a><\/p>\n<p>[\/et_pb_text][\/et_pb_column][et_pb_column type=&#8220;1_3&#8243; _builder_version=&#8220;4.16&#8243; custom_padding=&#8220;|||&#8220; global_colors_info=&#8220;{}&#8220; custom_padding__hover=&#8220;|||&#8220;][et_pb_text admin_label=&#8220;Text&#8220; _builder_version=&#8220;4.16&#8243; global_colors_info=&#8220;{}&#8220;]<\/p>\n<p style=\"text-align: left;\"><strong><em>Grafik &amp; Screendesign:<\/em><\/strong><\/p>\n<p style=\"text-align: left;\">Werbeagentur Uhl<br \/>\nRaiffeisengasse 2<br \/>\n8430 Leibnitz, \u00d6sterreich<br \/>\nE: <a href=\"mailto:office@uhl-design.at\">office@uhl-design.at<br \/>\n<\/a>Internet: <a href=\"http:\/\/www.uhl-design.at\">www.uhl-design.at<\/a><\/p>\n<p>[\/et_pb_text][\/et_pb_column][et_pb_column type=&#8220;1_3&#8243; _builder_version=&#8220;4.16&#8243; custom_padding=&#8220;|||&#8220; global_colors_info=&#8220;{}&#8220; custom_padding__hover=&#8220;|||&#8220;][et_pb_text admin_label=&#8220;Text&#8220; _builder_version=&#8220;4.16&#8243; global_colors_info=&#8220;{}&#8220;]<\/p>\n<p style=\"text-align: left;\"><strong><em>Bild- &amp; Fotorechte:<\/em><\/strong><\/p>\n<p style=\"text-align: left;\">Imagebilder:<\/p>\n<p><a href=\"http:\/\/www.istockphoto.com\">www.istockphoto.com<\/a><\/p>\n<p><a href=\"https:\/\/pixabay.com\">https:\/\/pixabay.com<\/a><\/p>\n<p style=\"text-align: left;\">Fotos (Studioaufnahmen):<\/p>\n<p>Robert Sommerauer<\/p>\n<p>E: <a href=\"mailto:office@pixelmaker.at\">office@pixelmaker.at<\/a><\/p>\n<p>Internet: <a href=\"http:\/\/www.pixelmaker.at\">www.pixelmaker.at<\/a><\/p>\n<p style=\"text-align: left;\">\n<p style=\"text-align: left;\">Meder Easyguide: MEDER CommTech\u00a0<\/p>\n<p>[\/et_pb_text][\/et_pb_column][\/et_pb_row][et_pb_row admin_label=&#8220;Zeile&#8220; _builder_version=&#8220;4.16&#8243; background_size=&#8220;initial&#8220; background_position=&#8220;top_left&#8220; background_repeat=&#8220;repeat&#8220; global_colors_info=&#8220;{}&#8220;][et_pb_column type=&#8220;4_4&#8243; _builder_version=&#8220;4.16&#8243; custom_padding=&#8220;|||&#8220; global_colors_info=&#8220;{}&#8220; custom_padding__hover=&#8220;|||&#8220;][et_pb_text admin_label=&#8220;Text&#8220; _builder_version=&#8220;4.16&#8243; global_colors_info=&#8220;{}&#8220;]<\/p>\n<p style=\"text-align: left;\"><strong>ECG-Information:<\/strong><\/p>\n<p>Firmenname: All4Groups Systems GmbH | Gesch\u00e4ftsf\u00fchrer: Ing. Michael Schober | Firmenbuchnummer: FN429109v | Firmengericht: Landesgericht f\u00fcr ZRS Graz | Beh\u00f6rde gem. ECG (E-Commerce Gesetz): Bezirkshauptmannschaft Leibnitz &amp; Deutschlandsberg | UID Nummer: ATU69352826 | Bankverbindungen: Steierm\u00e4rkische Bank und Sparkassen AG | IBAN: AT93 2081 5000 4039 6343 | BIC: STSPAT2G | Mitglied der Wirtschaftskammer Steiermark<\/p>\n<p>[\/et_pb_text][et_pb_text admin_label=&#8220;Text&#8220; _builder_version=&#8220;4.16&#8243; custom_padding=&#8220;50px|||&#8220; global_colors_info=&#8220;{}&#8220;]<\/p>\n<p><span style=\"font-size: 18pt;\"><strong>Datenschutz:<br \/>\n<\/strong><\/span><\/p>\n<p>Die Nutzung unserer Seite ist ohne eine Angabe von personenbezogenen Daten m\u00f6glich. Sofern innerhalb des Internetangebotes die M\u00f6glichkeit zur Eingabe pers\u00f6nlicher oder gesch\u00e4ftlicher Daten (z.B. Name, Anschrift, E-Mail, Telefonnummer, u.\u00e4.) besteht, so erfolgt die Preisgabe dieser Daten seitens des Nutzers auf ausdr\u00fccklich freiwilliger Basis. Diese Daten werden von uns nur gem\u00e4\u00df den Bestimmungen des \u00f6sterreichischen Datenschutzrechts verarbeitet. Daten sind dann personenbezogen, wenn sie eindeutig einer bestimmten nat\u00fcrlichen Person zugeordnet werden k\u00f6nnen.<\/p>\n<p>[\/et_pb_text][et_pb_text admin_label=&#8220;Text&#8220; _builder_version=&#8220;4.16&#8243; custom_padding=&#8220;50px|||&#8220; global_colors_info=&#8220;{}&#8220;]<\/p>\n<p><span style=\"font-size: 18pt;\"><strong>Haftungsausschluss:<\/strong><\/span><\/p>\n<p><strong>Inhalte:&nbsp;<\/strong>Die All4Groups Systems GmbH &uuml;bernimmt keinerlei Gew&auml;hr f&uuml;r die Aktualit&auml;t, Richtigkeit und Vollst&auml;ndigkeit der bereitgestellten Informationen auf dieser Website. Haftungsanspr&uuml;che gegen die All4Groups Systems GmbH, welche sich auf Sch&auml;den materieller oder ideeller Art beziehen, die durch die Nutzung oder Nichtnutzung der dargebotenen Informationen bzw. durch die Nutzung fehlerhafter und unvollst&auml;ndiger Informationen verursacht wurden, sind grunds&auml;tzlich ausgeschlossen, sofern seitens der All4Groups Systems GmbH kein nachweislich vors&auml;tzliches oder grob fahrl&auml;ssiges Verschulden vorliegt.&nbsp;Alle Angebote sind freibleibend und unverbindlich. Die All4Groups Systems GmbH beh&auml;lt es sich ausdr&uuml;cklich vor, Teile der Seiten oder das gesamte Angebot ohne gesonderte Ank&uuml;ndigung zu ver&auml;ndern, zu erg&auml;nzen, zu l&ouml;schen oder die Ver&ouml;ffentlichung zeitweise oder endg&uuml;ltig einzustellen.<\/p>\n<p><strong>Verweise und Links:&nbsp;<\/strong>Bei direkten oder indirekten Verweisen auf fremde Webseiten (&ldquo;Hyperlinks&rdquo;), die au&szlig;erhalb des Verantwortungsbereiches der All4Groups Systems GmbH liegen, w&uuml;rde eine Haftungsverpflichtung ausschlie&szlig;lich in dem Fall in Kraft treten, in dem die All4Groups Systems GmbH von den Inhalten Kenntnis hat und es ihm technisch m&ouml;glich und zumutbar w&auml;re, die Nutzung im Falle rechtswidriger Inhalte zu verhindern. Die All4Groups Systems GmbH erkl&auml;rt hiermit ausdr&uuml;cklich, dass zum Zeitpunkt der Linksetzung keine illegalen Inhalte auf den zu verlinkenden Seiten erkennbar waren. Auf die aktuelle und zuk&uuml;nftige Gestaltung, die Inhalte oder die Urheberschaft der verlinkten\/verkn&uuml;pften Seiten hat die All4Groups Systems GmbH keinerlei Einfluss. Deshalb distanziert sie sich hiermit ausdr&uuml;cklich von allen Inhalten aller verlinkten \/verkn&uuml;pften Seiten, die nach der Linksetzung ver&auml;ndert wurden. Diese Feststellung gilt f&uuml;r alle innerhalb des eigenen Internetangebotes gesetzten Links und Verweise. F&uuml;r illegale, fehlerhafte oder unvollst&auml;ndige Inhalte und insbesondere f&uuml;r Sch&auml;den, die aus der Nutzung oder Nichtnutzung solcherart dargebotener Informationen entstehen, haftet allein der Anbieter der Seite, auf welche verwiesen wurde, nicht derjenige, der &uuml;ber Links auf die jeweilige Ver&ouml;ffentlichung lediglich verweist.<\/p>\n<p><strong>Urheber- und Kennzeichenrecht:&nbsp;<\/strong>Die All4Groups Systems GmbH ist bestrebt, in allen Publikationen die Urheberrechte der verwendeten Bilder, Grafiken, Tondokumente, Videosequenzen und Texte zu beachten, von ihr selbst erstellte Bilder, Grafiken, Tondokumente, Videosequenzen und Texte zu nutzen oder auf lizenzfreie Grafiken, Tondokumente, Videosequenzen und Texte zur&uuml;ckzugreifen.&nbsp;Alle innerhalb des Internetangebotes genannten und ggf. durch Dritte gesch&uuml;tzten Marken- und Warenzeichen unterliegen uneingeschr&auml;nkt den Bestimmungen des jeweils g&uuml;ltigen Kennzeichenrechts und den Besitzrechten der jeweiligen eingetragenen Eigent&uuml;mer. Allein aufgrund der blo&szlig;en Nennung ist nicht der Schluss zu ziehen, dass Markenzeichen nicht durch Rechte Dritter gesch&uuml;tzt sind!&nbsp;Das Copyright f&uuml;r ver&ouml;ffentlichte, von der All4Groups Systems GmbH selbst erstellte Objekte bleibt allein beim Autor der Seiten. Eine Vervielf&auml;ltigung oder Verwendung solcher Grafiken, Tondokumente, Videosequenzen und Texte in anderen elektronischen oder gedruckten Publikationen ist ohne ausdr&uuml;ckliche Zustimmung der All4Groups Systems GmbH nicht gestattet.<\/p>\n<p><strong>Google Analytics:&nbsp;<\/strong>Diese Website benutzt Google Analytics, einen Webanalysedienst der Google Inc. (&bdquo;Google&ldquo;). Google Analytics verwendet sog. &bdquo;Cookies&ldquo;, Textdateien, die auf Ihrem Computer gespeichert werden und die eine Analyse der Benutzung der Website durch Sie erm&ouml;glichen. Die durch den Cookie erzeugten Informationen &uuml;ber Ihre Benutzung dieser Website werden in der Regel an einen Server von Google in den USA &uuml;bertragen und dort gespeichert. Im Falle der Aktivierung der IP-Anonymisierung auf dieser Webseite, wird Ihre IP-Adresse von Google jedoch innerhalb von Mitgliedstaaten der Europ&auml;ischen Union oder in anderen Vertragsstaaten des Abkommens &uuml;ber den Europ&auml;ischen Wirtschaftsraum zuvor gek&uuml;rzt. Nur in Ausnahmef&auml;llen wird die volle IP-Adresse an einen Server von Google in den USA &uuml;bertragen und dort gek&uuml;rzt. Die IP-Anonymisierung ist auf dieser Website aktiv. Im Auftrag des Betreibers dieser Website wird Google diese Informationen benutzen, um Ihre Nutzung der Website auszuwerten, um Reports &uuml;ber die Websiteaktivit&auml;ten zusammenzustellen und um weitere mit der Websitenutzung und der Internetnutzung verbundene Dienstleistungen gegen&uuml;ber dem Websitebetreiber zu erbringen. Die im Rahmen von Google Analytics von Ihrem Browser &uuml;bermittelte IP-Adresse wird nicht mit anderen Daten von Google zusammengef&uuml;hrt. Sie k&ouml;nnen die Speicherung der Cookies durch eine entsprechende Einstellung Ihrer Browser-Software verhindern; wir weisen Sie jedoch darauf hin, dass Sie in diesem Fall gegebenenfalls nicht s&auml;mtliche Funktionen dieser Website vollumf&auml;nglich werden nutzen k&ouml;nnen. Sie k&ouml;nnen dar&uuml;ber hinaus die Erfassung der durch das Cookie erzeugten und auf Ihre Nutzung der Website bezogenen Daten (inkl. Ihrer IP-Adresse) an Google sowie die Verarbeitung dieser Daten durch Google verhindern, indem sie das unter dem folgenden Link verf&uuml;gbare Browser-Plugin herunterladen und installieren:&nbsp;<a href=\"http:\/\/tools.google.com\/dlpage\/gaoptout?hl=de\">http:\/\/tools.google.com\/dlpage\/gaoptout?hl=de<\/a>. Alternativ zum Browser-Add-On oder innerhalb von Browsern auf mobilen Ger&auml;ten, um die Erfassung durch Google Analytics innerhalb dieser Website zuk&uuml;nftig zu verhindern (das Opt Out funktioniert nur in dem Browser und nur f&uuml;r diese Domain). Dabei wird ein Opt-Out-Cookie auf Ihrem Ger&auml;t abgelegt. L&ouml;schen Sie Ihre Cookies in diesem Browser, m&uuml;ssen Sie diesen Link erneut klicken.<\/p>\n<p><\/p>\n<p><\/p>\n<p><\/p>\n<p><\/p>\n<p><\/p>\n<p><\/p>\n<p>[\/et_pb_text][\/et_pb_column][\/et_pb_row][\/et_pb_section][et_pb_section fb_built=&#8220;1&#8243; admin_label=&#8220;Sektion&#8220; _builder_version=&#8220;4.13.0&#8243; background_color=&#8220;#6f6d60&#8243; custom_padding=&#8220;12px|0px|0px|0px&#8220; global_module=&#8220;1739&#8243; global_colors_info=&#8220;{}&#8220;][et_pb_row column_structure=&#8220;1_2,1_2&#8243; _builder_version=&#8220;4.16&#8243; background_size=&#8220;initial&#8220; background_position=&#8220;top_left&#8220; background_repeat=&#8220;repeat&#8220; custom_padding=&#8220;12px|0px|12px|0px&#8220; global_colors_info=&#8220;{}&#8220;][et_pb_column type=&#8220;1_2&#8243; _builder_version=&#8220;4.16&#8243; custom_padding=&#8220;|||&#8220; global_colors_info=&#8220;{}&#8220; custom_padding__hover=&#8220;|||&#8220;][et_pb_image src=&#8220;https:\/\/all4groups.com\/wp-content\/uploads\/Logo-All4Groups-weiss.png&#8220; align=&#8220;center&#8220; align_tablet=&#8220;center&#8220; align_phone=&#8220;&#8220; align_last_edited=&#8220;on|desktop&#8220; _builder_version=&#8220;4.16&#8243; max_height=&#8220;70px&#8220; animation_style=&#8220;slide&#8220; animation_direction=&#8220;left&#8220; animation_duration=&#8220;500ms&#8220; animation_intensity_slide=&#8220;10%&#8220; global_colors_info=&#8220;{}&#8220;][\/et_pb_image][\/et_pb_column][et_pb_column type=&#8220;1_2&#8243; _builder_version=&#8220;4.16&#8243; custom_padding=&#8220;|||&#8220; global_colors_info=&#8220;{}&#8220; custom_padding__hover=&#8220;|||&#8220;][et_pb_text admin_label=&#8220;Text&#8220; _builder_version=&#8220;4.16&#8243; text_font=&#8220;Montserrat|100|||||||&#8220; text_line_height=&#8220;1em&#8220; global_colors_info=&#8220;{}&#8220;]<\/p>\n<p style=\"text-align: left;\"><span style=\"font-size: 10pt; color: #ffffff;\"><strong> ALL4GROUPS Systems GmbH | Grazergasse 50, 8430 Leibnitz | AUSTRIA<\/strong><\/span><\/p>\n<p style=\"text-align: left;\"><span style=\"font-size: 10pt; color: #ffffff;\"><strong><span style=\"color: #ffffff;\">office@all4groups.com<\/span><\/strong><\/span><\/p>\n<p>[\/et_pb_text][\/et_pb_column][\/et_pb_row][\/et_pb_section]<\/p>","protected":false},"excerpt":{"rendered":"<p>ImpressumF\u00fcr den Inhalt verantwortlich: All4Groups Systems GmbH GF Ing. Michael Schober Grazergasse 50 8430 Leibnitz, \u00d6sterreich T: +43 3452 76903-0 E: office@all4groups.com Internet: www.all4groups.comGrafik &amp; Screendesign: Werbeagentur Uhl Raiffeisengasse 2 8430 Leibnitz, \u00d6sterreich E: office@uhl-design.at Internet: www.uhl-design.atBild- &amp; Fotorechte: Imagebilder: www.istockphoto.com https:\/\/pixabay.com Fotos (Studioaufnahmen): Robert Sommerauer E: office@pixelmaker.at Internet: www.pixelmaker.at Meder Easyguide: MEDER CommTech\u00a0ECG-Information: Firmenname: [&hellip;]<\/p>","protected":false},"author":6520,"featured_media":0,"parent":0,"menu_order":0,"comment_status":"closed","ping_status":"closed","template":"","meta":{"_et_pb_use_builder":"on","_et_pb_old_content":"","_et_gb_content_width":"","footnotes":""},"_links":{"self":[{"href":"https:\/\/www.all4groups.com\/en\/wp-json\/wp\/v2\/pages\/1954"}],"collection":[{"href":"https:\/\/www.all4groups.com\/en\/wp-json\/wp\/v2\/pages"}],"about":[{"href":"https:\/\/www.all4groups.com\/en\/wp-json\/wp\/v2\/types\/page"}],"author":[{"embeddable":true,"href":"https:\/\/www.all4groups.com\/en\/wp-json\/wp\/v2\/users\/6520"}],"replies":[{"embeddable":true,"href":"https:\/\/www.all4groups.com\/en\/wp-json\/wp\/v2\/comments?post=1954"}],"version-history":[{"count":15,"href":"https:\/\/www.all4groups.com\/en\/wp-json\/wp\/v2\/pages\/1954\/revisions"}],"predecessor-version":[{"id":49058,"href":"https:\/\/www.all4groups.com\/en\/wp-json\/wp\/v2\/pages\/1954\/revisions\/49058"}],"wp:attachment":[{"href":"https:\/\/www.all4groups.com\/en\/wp-json\/wp\/v2\/media?parent=1954"}],"curies":[{"name":"wp","href":"https:\/\/api.w.org\/{rel}","templated":true}]}}